{"id":3,"date":"2026-02-05T07:05:08","date_gmt":"2026-02-05T07:05:08","guid":{"rendered":"http:\/\/sunmarine.site\/?page_id=3"},"modified":"2026-03-27T07:11:35","modified_gmt":"2026-03-27T07:11:35","slug":"polityka-prywatnosci","status":"publish","type":"page","link":"https:\/\/sunmarine.site\/en\/polityka-prywatnosci\/","title":{"rendered":"Privacy Policy"},"content":{"rendered":"<div data-elementor-type=\"wp-page\" data-elementor-id=\"3\" class=\"elementor elementor-3\">\n\t\t\t\t<div class=\"elementor-element elementor-element-971b5e6 e-flex e-con-boxed e-con e-parent\" data-id=\"971b5e6\" data-element_type=\"container\" data-e-type=\"container\">\n\t\t\t\t\t<div class=\"e-con-inner\">\n\t\t\t\t<div class=\"elementor-element elementor-element-828a590 elementor-widget elementor-widget-heading\" data-id=\"828a590\" data-element_type=\"widget\" data-e-type=\"widget\" data-widget_type=\"heading.default\">\n\t\t\t\t\t<h2 class=\"elementor-heading-title elementor-size-default\">Privacy Policy<\/h2>\t\t\t\t<\/div>\n\t\t\t\t\t<\/div>\n\t\t\t\t<\/div>\n\t\t<div class=\"elementor-element elementor-element-4e6c9a36 e-flex e-con-boxed e-con e-parent\" data-id=\"4e6c9a36\" data-element_type=\"container\" data-e-type=\"container\">\n\t\t\t\t\t<div class=\"e-con-inner\">\n\t\t\t\t<div class=\"elementor-element elementor-element-3730014c elementor-widget elementor-widget-text-editor\" data-id=\"3730014c\" data-element_type=\"widget\" data-e-type=\"widget\" data-widget_type=\"text-editor.default\">\n\t\t\t\t\t\t\t\t\t<p>\u00a71 Administrator danych.<br \/>Administratorem Twoich danych osobowych jest: Andrzej Karalus \u201eSun Boat\u201d, ul. Powidzka 16, 62-300 Gutowo ma\u0142e.\u00a0<\/p><p>\u00a72 Jakie dane zbieramy.<br \/>Na stronie sunboat.site zbieramy dane osobowe wy\u0142\u0105cznie wtedy, gdy wype\u0142niasz formularz kontaktowy: imi\u0119, adres e-mail, tre\u015b\u0107 wiadomo\u015bci (opcjonalnie inne dane, kt\u00f3re podasz w formularzu). Nie zbieramy innych danych osobowych ani nie \u015bledzimy u\u017cytkownik\u00f3w za pomoc\u0105 cookies (poza cookies technicznymi niezb\u0119dnymi do dzia\u0142ania strony).<\/p><p>\u00a73 Cel przetwarzania danych.<br \/>Dane zbierane w formularzu kontaktowym s\u0105 wykorzystywane wy\u0142\u0105cznie w celu odpowiedzi na Twoj\u0105 wiadomo\u015b\u0107 lub kontaktu w sprawie zapyta\u0144 dotycz\u0105cych naszych us\u0142ug.\u00a0<\/p><p>\u00a74 Podstawa prawna przetwarzania.<br \/>Twoje dane przetwarzamy na podstawie art. 6 ust. 1 lit. a RODO \u2013 czyli Twojej zgody wyra\u017conej poprzez wys\u0142anie formularza.<\/p><p>\u00a75 Udost\u0119pnianie danych.<br \/>Nie udost\u0119pniamy Twoich danych osobowych osobom trzecim, chyba \u017ce jest to niezb\u0119dne do obs\u0142ugi Twojego zapytania (np. kontakt telefoniczny przez firm\u0119 kuriersk\u0105) lub wymagane prawnie.<\/p><p>\u00a76 Okres przechowywania danych.\u00a0<br \/>Twoje dane osobowe przechowujemy tylko tak d\u0142ugo, jak jest to konieczne do realizacji celu, czyli odpowiadania na Twoje wiadomo\u015bci. Po zako\u0144czeniu korespondencji dane mog\u0105 by\u0107 usuni\u0119te.<\/p><p>\u00a77 Twoje prawa.<br \/>Masz prawo do dost\u0119pu do swoich danych, ich poprawiania i cofni\u0119cia zgody w dowolnym momencie.\u00a0<\/p><p>\u00a78 Kontakt.\u00a0<br \/>W sprawach zwi\u0105zanych z przetwarzaniem danych osobowych prosimy o kontakt: hello@sunboat.site<\/p>\t\t\t\t\t\t\t\t<\/div>\n\t\t\t\t\t<\/div>\n\t\t\t\t<\/div>\n\t\t\t\t<\/div>","protected":false},"excerpt":{"rendered":"<p>Polityka prywatno\u015bci \u00a71 Administrator danych.Administratorem Twoich danych osobowych jest: Andrzej Karalus \u201eSun Boat\u201d, ul. Powidzka 16, 62-300 Gutowo ma\u0142e.\u00a0 \u00a72 Jakie dane zbieramy.Na stronie sunboat.site zbieramy dane osobowe wy\u0142\u0105cznie wtedy, gdy wype\u0142niasz formularz kontaktowy: imi\u0119, adres e-mail, tre\u015b\u0107 wiadomo\u015bci (opcjonalnie inne dane, kt\u00f3re podasz w formularzu). Nie zbieramy innych danych osobowych ani nie \u015bledzimy u\u017cytkownik\u00f3w [&hellip;]<\/p>\n","protected":false},"author":1,"featured_media":0,"parent":0,"menu_order":0,"comment_status":"closed","ping_status":"closed","template":"","meta":{"om_disable_all_campaigns":false,"_monsterinsights_skip_tracking":false,"_monsterinsights_sitenote_active":false,"_monsterinsights_sitenote_note":"","_monsterinsights_sitenote_category":0,"site-sidebar-layout":"default","site-content-layout":"","ast-site-content-layout":"default","site-content-style":"default","site-sidebar-style":"default","ast-global-header-display":"","ast-banner-title-visibility":"","ast-main-header-display":"","ast-hfb-above-header-display":"","ast-hfb-below-header-display":"","ast-hfb-mobile-header-display":"","site-post-title":"","ast-breadcrumbs-content":"","ast-featured-img":"","footer-sml-layout":"","ast-disable-related-posts":"","theme-transparent-header-meta":"","adv-header-id-meta":"","stick-header-meta":"","header-above-stick-meta":"","header-main-stick-meta":"","header-below-stick-meta":"","astra-migrate-meta-layouts":"default","ast-page-background-enabled":"default","ast-page-background-meta":{"desktop":{"background-color":"var(--ast-global-color-5)","background-image":"","background-repeat":"repeat","background-position":"center center","background-size":"auto","background-attachment":"scroll","background-type":"","background-media":"","overlay-type":"","overlay-color":"","overlay-opacity":"","overlay-gradient":""},"tablet":{"background-color":"","background-image":"","background-repeat":"repeat","background-position":"center center","background-size":"auto","background-attachment":"scroll","background-type":"","background-media":"","overlay-type":"","overlay-color":"","overlay-opacity":"","overlay-gradient":""},"mobile":{"background-color":"","background-image":"","background-repeat":"repeat","background-position":"center center","background-size":"auto","background-attachment":"scroll","background-type":"","background-media":"","overlay-type":"","overlay-color":"","overlay-opacity":"","overlay-gradient":""}},"ast-content-background-meta":{"desktop":{"background-color":"var(--ast-global-color-4)","background-image":"","background-repeat":"repeat","background-position":"center center","background-size":"auto","background-attachment":"scroll","background-type":"","background-media":"","overlay-type":"","overlay-color":"","overlay-opacity":"","overlay-gradient":""},"tablet":{"background-color":"var(--ast-global-color-4)","background-image":"","background-repeat":"repeat","background-position":"center center","background-size":"auto","background-attachment":"scroll","background-type":"","background-media":"","overlay-type":"","overlay-color":"","overlay-opacity":"","overlay-gradient":""},"mobile":{"background-color":"var(--ast-global-color-4)","background-image":"","background-repeat":"repeat","background-position":"center center","background-size":"auto","background-attachment":"scroll","background-type":"","background-media":"","overlay-type":"","overlay-color":"","overlay-opacity":"","overlay-gradient":""}},"footnotes":""},"class_list":["post-3","page","type-page","status-publish","hentry"],"aioseo_notices":[],"_hostinger_reach_plugin_has_subscription_block":false,"_hostinger_reach_plugin_is_elementor":false,"_links":{"self":[{"href":"https:\/\/sunmarine.site\/en\/wp-json\/wp\/v2\/pages\/3","targetHints":{"allow":["GET"]}}],"collection":[{"href":"https:\/\/sunmarine.site\/en\/wp-json\/wp\/v2\/pages"}],"about":[{"href":"https:\/\/sunmarine.site\/en\/wp-json\/wp\/v2\/types\/page"}],"author":[{"embeddable":true,"href":"https:\/\/sunmarine.site\/en\/wp-json\/wp\/v2\/users\/1"}],"replies":[{"embeddable":true,"href":"https:\/\/sunmarine.site\/en\/wp-json\/wp\/v2\/comments?post=3"}],"version-history":[{"count":16,"href":"https:\/\/sunmarine.site\/en\/wp-json\/wp\/v2\/pages\/3\/revisions"}],"predecessor-version":[{"id":1241,"href":"https:\/\/sunmarine.site\/en\/wp-json\/wp\/v2\/pages\/3\/revisions\/1241"}],"wp:attachment":[{"href":"https:\/\/sunmarine.site\/en\/wp-json\/wp\/v2\/media?parent=3"}],"curies":[{"name":"wp","href":"https:\/\/api.w.org\/{rel}","templated":true}]}}